{"id":75,"date":"2019-01-13T11:43:27","date_gmt":"2019-01-13T11:43:27","guid":{"rendered":"http:\/\/www.mgarosa.ch\/?page_id=75"},"modified":"2024-11-24T18:19:21","modified_gmt":"2024-11-24T18:19:21","slug":"mitglieder","status":"publish","type":"page","link":"https:\/\/www.mgarosa.ch\/?page_id=75","title":{"rendered":"Unsere Musikantinnen und Musikanten"},"content":{"rendered":"\n<p><\/p>\n\n\n\n<div class=\"wp-block-columns has-2-columns is-layout-flex wp-container-core-columns-is-layout-9d6595d7 wp-block-columns-is-layout-flex\">\n<div class=\"wp-block-column is-layout-flow wp-block-column-is-layout-flow\">\n<p><strong>Musikalische Leitung:<\/strong><br>Tobias Hunger<br><\/p>\n<\/div>\n\n\n\n<div class=\"wp-block-column is-layout-flow wp-block-column-is-layout-flow\">\n<p><br><\/p>\n<\/div>\n<\/div>\n\n\n\n<div class=\"wp-block-columns has-2-columns is-layout-flex wp-container-core-columns-is-layout-9d6595d7 wp-block-columns-is-layout-flex\">\n<div class=\"wp-block-column is-layout-flow wp-block-column-is-layout-flow\">\n<p><strong>Trompete:<\/strong><br>Anita Mondgenast<br>Livia Jakob-Meisser<br>Rico Meroni<br><\/p>\n<\/div>\n\n\n\n<div class=\"wp-block-column is-layout-flow wp-block-column-is-layout-flow\">\n<p><strong>Querfl\u00f6te:<\/strong><br>Deborah Schneller<\/p>\n\n\n\n<p><strong>Klarinette:<\/strong><br>Sarina  Bauer<\/p>\n<\/div>\n<\/div>\n\n\n\n<div class=\"wp-block-columns has-2-columns is-layout-flex wp-container-core-columns-is-layout-9d6595d7 wp-block-columns-is-layout-flex\">\n<div class=\"wp-block-column is-layout-flow wp-block-column-is-layout-flow\">\n<p><strong>Tenorhorn\/Bariton:<\/strong><br>Adrian Kohler<br><br><\/p>\n<\/div>\n\n\n\n<div class=\"wp-block-column is-layout-flow wp-block-column-is-layout-flow\">\n<p><strong>Saxophon:<\/strong> <br>Lukas Arnold <br>J\u00f6rg Zoller<\/p>\n<\/div>\n<\/div>\n\n\n\n<div class=\"wp-block-columns has-2-columns is-layout-flex wp-container-core-columns-is-layout-9d6595d7 wp-block-columns-is-layout-flex\">\n<div class=\"wp-block-column is-layout-flow wp-block-column-is-layout-flow\">\n<p><strong>Bass:<\/strong><br>Tobias Hunger<\/p>\n<\/div>\n\n\n\n<div class=\"wp-block-column is-layout-flow wp-block-column-is-layout-flow\">\n<p><strong>Schlagzeug:<\/strong><br>Dennis B\u00f6sch<br><\/p>\n<\/div>\n<\/div>\n\n\n\n<div class=\"wp-block-columns has-2-columns is-layout-flex wp-container-core-columns-is-layout-9d6595d7 wp-block-columns-is-layout-flex\">\n<div class=\"wp-block-column is-layout-flow wp-block-column-is-layout-flow\">\n<p><strong>F\u00e4hnrich:<\/strong><br>J\u00fcrg Anhorn<br><\/p>\n<\/div>\n\n\n\n<div class=\"wp-block-column is-layout-flow wp-block-column-is-layout-flow\">\n<p><br><\/p>\n<\/div>\n<\/div>\n","protected":false},"excerpt":{"rendered":"<p>Musikalische Leitung:Tobias Hunger Trompete:Anita MondgenastLivia Jakob-MeisserRico Meroni Querfl\u00f6te:Deborah Schneller Klarinette:Sarina Bauer Tenorhorn\/Bariton:Adrian Kohler Saxophon: Lukas Arnold J\u00f6rg Zoller Bass:Tobias Hunger Schlagzeug:Dennis B\u00f6sch F\u00e4hnrich:J\u00fcrg Anhorn<\/p>\n","protected":false},"author":2,"featured_media":0,"parent":9,"menu_order":2,"comment_status":"closed","ping_status":"closed","template":"","meta":{"footnotes":""},"class_list":["post-75","page","type-page","status-publish","hentry"],"_links":{"self":[{"href":"https:\/\/www.mgarosa.ch\/index.php?rest_route=\/wp\/v2\/pages\/75","targetHints":{"allow":["GET"]}}],"collection":[{"href":"https:\/\/www.mgarosa.ch\/index.php?rest_route=\/wp\/v2\/pages"}],"about":[{"href":"https:\/\/www.mgarosa.ch\/index.php?rest_route=\/wp\/v2\/types\/page"}],"author":[{"embeddable":true,"href":"https:\/\/www.mgarosa.ch\/index.php?rest_route=\/wp\/v2\/users\/2"}],"replies":[{"embeddable":true,"href":"https:\/\/www.mgarosa.ch\/index.php?rest_route=%2Fwp%2Fv2%2Fcomments&post=75"}],"version-history":[{"count":44,"href":"https:\/\/www.mgarosa.ch\/index.php?rest_route=\/wp\/v2\/pages\/75\/revisions"}],"predecessor-version":[{"id":962,"href":"https:\/\/www.mgarosa.ch\/index.php?rest_route=\/wp\/v2\/pages\/75\/revisions\/962"}],"up":[{"embeddable":true,"href":"https:\/\/www.mgarosa.ch\/index.php?rest_route=\/wp\/v2\/pages\/9"}],"wp:attachment":[{"href":"https:\/\/www.mgarosa.ch\/index.php?rest_route=%2Fwp%2Fv2%2Fmedia&parent=75"}],"curies":[{"name":"wp","href":"https:\/\/api.w.org\/{rel}","templated":true}]}}