{"id":162,"date":"2019-01-20T15:12:30","date_gmt":"2019-01-20T15:12:30","guid":{"rendered":"http:\/\/www.mgarosa.ch\/?page_id=162"},"modified":"2026-01-02T14:22:57","modified_gmt":"2026-01-02T14:22:57","slug":"home","status":"publish","type":"page","link":"https:\/\/www.mgarosa.ch\/","title":{"rendered":""},"content":{"rendered":"\n<p>Unser n\u00e4chster Auftritt:<\/p>\n\n\n\n<p><strong>Samstag, 14. Februar 2026<\/strong>: Musikalischer Start und Pausenverk\u00fcrzung am Theater in St. Peter<\/p>\n\n\n\n<h2 class=\"wp-block-heading\"><mark style=\"background-color:#0693e3\" class=\"has-inline-color has-luminous-vivid-amber-color\">Uns fehlen Stimmen, zur Verst\u00e4rkung suchen wir DICH!<\/mark><\/h2>\n\n\n\n<ul class=\"wp-block-list\">\n<li>Trompete \/ Fl\u00fcgelhorn \/ Cornet<\/li>\n\n\n\n<li>Euphonium \/ Tenorhorn \/ Bariton<\/li>\n\n\n\n<li>Klarinette<\/li>\n\n\n\n<li>Fl\u00f6te<\/li>\n<\/ul>\n\n\n\n<p><a href=\"https:\/\/www.mgarosa.ch\/?page_id=35\">Kontakt \u2013 Musikgesellschaft Arosa<\/a><\/p>\n\n\n\n<p><\/p>\n","protected":false},"excerpt":{"rendered":"<p>Unser n\u00e4chster Auftritt: Samstag, 14. Februar 2026: Musikalischer Start und Pausenverk\u00fcrzung am Theater in St. Peter Uns fehlen Stimmen, zur Verst\u00e4rkung suchen wir DICH! Kontakt \u2013 Musikgesellschaft Arosa<\/p>\n","protected":false},"author":2,"featured_media":0,"parent":0,"menu_order":0,"comment_status":"closed","ping_status":"closed","template":"","meta":{"footnotes":""},"class_list":["post-162","page","type-page","status-publish","hentry"],"_links":{"self":[{"href":"https:\/\/www.mgarosa.ch\/index.php?rest_route=\/wp\/v2\/pages\/162","targetHints":{"allow":["GET"]}}],"collection":[{"href":"https:\/\/www.mgarosa.ch\/index.php?rest_route=\/wp\/v2\/pages"}],"about":[{"href":"https:\/\/www.mgarosa.ch\/index.php?rest_route=\/wp\/v2\/types\/page"}],"author":[{"embeddable":true,"href":"https:\/\/www.mgarosa.ch\/index.php?rest_route=\/wp\/v2\/users\/2"}],"replies":[{"embeddable":true,"href":"https:\/\/www.mgarosa.ch\/index.php?rest_route=%2Fwp%2Fv2%2Fcomments&post=162"}],"version-history":[{"count":78,"href":"https:\/\/www.mgarosa.ch\/index.php?rest_route=\/wp\/v2\/pages\/162\/revisions"}],"predecessor-version":[{"id":1060,"href":"https:\/\/www.mgarosa.ch\/index.php?rest_route=\/wp\/v2\/pages\/162\/revisions\/1060"}],"wp:attachment":[{"href":"https:\/\/www.mgarosa.ch\/index.php?rest_route=%2Fwp%2Fv2%2Fmedia&parent=162"}],"curies":[{"name":"wp","href":"https:\/\/api.w.org\/{rel}","templated":true}]}}